{"id":6,"date":"2015-10-15T15:47:04","date_gmt":"2015-10-15T14:47:04","guid":{"rendered":"http:\/\/wp-base.eliappdrupal1.elisys-servers.ca\/fr\/?page_id=6"},"modified":"2020-04-14T14:12:43","modified_gmt":"2020-04-14T18:12:43","slug":"accueil","status":"publish","type":"page","link":"https:\/\/tspmentrepot.com\/fr\/","title":{"rendered":"TSPM, leader <span>3PL<\/span> \u00e0 Montr\u00e9al"},"content":{"rendered":"<h2>Les experts en services et solutions d&rsquo;entreposage commercial et logisitique \u00e0 Montr\u00e9al<\/h2>\n<p>TSPM est une compagnie montr\u00e9alaise d&rsquo;exp\u00e9rience offrant des <a href=\"https:\/\/tspmentrepot.com\/fr\/services\/\">solutions logistiques<\/a> de tierce partie (3PL) de haut niveau. Elle se diff\u00e9rencie par son approche personnalis\u00e9e et directe. Notre entreprise d\u00e9tient une expertise de distribution qui s&rsquo;adresse tant aux d\u00e9taillants qu&rsquo;aux fabricants de biens de consommation ou industriels.<\/p>\n<p>Nous desservons fi\u00e8rement depuis plus de <span class=\"nobr\">30 ans<\/span> une client\u00e8le \u00e9tablie au Canada, aux \u00c9tats-Unis et outre-mer. Vous souhaitez en savoir davantage au sujet de nos services d&rsquo;<a href=\"https:\/\/tspmentrepot.com\/fr\/services\/entreposage\/\">entreposage<\/a>, de <a href=\"https:\/\/tspmentrepot.com\/fr\/services\/logistique\/\">logistique<\/a> et de <a href=\"https:\/\/tspmentrepot.com\/fr\/services\/distribution\/\">distribution<\/a>? <a href=\"https:\/\/tspmentrepot.com\/fr\/contact\/\">Communiquez avec nous<\/a> sans frais au <span class=\"nobr\">1 877 679 5042<\/span> et il nous fera plaisir de r\u00e9pondre \u00e0 chacune de vos questions.<\/p>\n","protected":false},"excerpt":{"rendered":"<p>Les experts en services et solutions d&rsquo;entreposage commercial et logisitique \u00e0 Montr\u00e9al TSPM est une compagnie montr\u00e9alaise d&rsquo;exp\u00e9rience offrant des solutions logistiques de tierce partie (3PL) de haut niveau. Elle se diff\u00e9rencie par son approche personnalis\u00e9e et directe. Notre entreprise d\u00e9tient une expertise de distribution qui s&rsquo;adresse tant aux d\u00e9taillants qu&rsquo;aux fabricants de biens de &hellip; <a href=\"https:\/\/tspmentrepot.com\/fr\/\">Continued<\/a><\/p>\n","protected":false},"author":1,"featured_media":0,"parent":0,"menu_order":0,"comment_status":"closed","ping_status":"closed","template":"","meta":{"_acf_changed":false,"footnotes":""},"acf":[],"yoast_head":"<!-- This site is optimized with the Yoast SEO plugin v22.9 - https:\/\/yoast.com\/wordpress\/plugins\/seo\/ -->\n<title>TSPM Entrep\u00f4t - 3pl et logistique commercial \u00e0 Montr\u00e9al<\/title>\n<meta name=\"description\" content=\"TSPM est une compagnie montr\u00e9alaise offrant des solutions d&#039;entreposage commercial et logistiques de tierce partie (3PL) de haut niveau.\" \/>\n<meta name=\"robots\" content=\"index, follow, max-snippet:-1, max-image-preview:large, max-video-preview:-1\" \/>\n<meta property=\"og:locale\" content=\"fr_CA\" \/>\n<meta property=\"og:type\" content=\"article\" \/>\n<meta property=\"og:title\" content=\"TSPM Entrep\u00f4t - 3pl et logistique commercial \u00e0 Montr\u00e9al\" \/>\n<meta property=\"og:description\" content=\"TSPM est une compagnie montr\u00e9alaise offrant des solutions d&#039;entreposage commercial et logistiques de tierce partie (3PL) de haut niveau.\" \/>\n<meta property=\"og:url\" content=\"https:\/\/tspmentrepot.com\/fr\/\" \/>\n<meta property=\"og:site_name\" content=\"TSPM Entrep\u00f4t\" \/>\n<meta property=\"article:modified_time\" content=\"2020-04-14T18:12:43+00:00\" \/>\n<meta name=\"twitter:card\" content=\"summary_large_image\" \/>\n<meta name=\"twitter:label1\" content=\"Dur\u00e9e de lecture estim\u00e9e\" \/>\n\t<meta name=\"twitter:data1\" content=\"1 minute\" \/>\n<script type=\"application\/ld+json\" class=\"yoast-schema-graph\">{\"@context\":\"https:\/\/schema.org\",\"@graph\":[{\"@type\":\"WebPage\",\"@id\":\"https:\/\/tspmentrepot.com\/fr\/\",\"url\":\"https:\/\/tspmentrepot.com\/fr\/\",\"name\":\"TSPM Entrep\u00f4t - 3pl et logistique commercial \u00e0 Montr\u00e9al\",\"isPartOf\":{\"@id\":\"https:\/\/tspmentrepot.com\/en\/#website\"},\"datePublished\":\"2015-10-15T14:47:04+00:00\",\"dateModified\":\"2020-04-14T18:12:43+00:00\",\"description\":\"TSPM est une compagnie montr\u00e9alaise offrant des solutions d'entreposage commercial et logistiques de tierce partie (3PL) de haut niveau.\",\"breadcrumb\":{\"@id\":\"https:\/\/tspmentrepot.com\/fr\/#breadcrumb\"},\"inLanguage\":\"fr-FR\",\"potentialAction\":[{\"@type\":\"ReadAction\",\"target\":[\"https:\/\/tspmentrepot.com\/fr\/\"]}]},{\"@type\":\"BreadcrumbList\",\"@id\":\"https:\/\/tspmentrepot.com\/fr\/#breadcrumb\",\"itemListElement\":[{\"@type\":\"ListItem\",\"position\":1,\"name\":\"Accueil\",\"item\":\"https:\/\/tspmentrepot.com\/fr\/\"},{\"@type\":\"ListItem\",\"position\":2,\"name\":\"TSPM, leader 3PL \u00e0 Montr\u00e9al\"}]},{\"@type\":\"WebSite\",\"@id\":\"https:\/\/tspmentrepot.com\/en\/#website\",\"url\":\"https:\/\/tspmentrepot.com\/en\/\",\"name\":\"TSPM Entrep\u00f4t\",\"description\":\"\",\"potentialAction\":[{\"@type\":\"SearchAction\",\"target\":{\"@type\":\"EntryPoint\",\"urlTemplate\":\"https:\/\/tspmentrepot.com\/en\/?s={search_term_string}\"},\"query-input\":\"required name=search_term_string\"}],\"inLanguage\":\"fr-FR\"}]}<\/script>\n<!-- \/ Yoast SEO plugin. -->","yoast_head_json":{"title":"TSPM Entrep\u00f4t - 3pl et logistique commercial \u00e0 Montr\u00e9al","description":"TSPM est une compagnie montr\u00e9alaise offrant des solutions d'entreposage commercial et logistiques de tierce partie (3PL) de haut niveau.","robots":{"index":"index","follow":"follow","max-snippet":"max-snippet:-1","max-image-preview":"max-image-preview:large","max-video-preview":"max-video-preview:-1"},"og_locale":"fr_CA","og_type":"article","og_title":"TSPM Entrep\u00f4t - 3pl et logistique commercial \u00e0 Montr\u00e9al","og_description":"TSPM est une compagnie montr\u00e9alaise offrant des solutions d'entreposage commercial et logistiques de tierce partie (3PL) de haut niveau.","og_url":"https:\/\/tspmentrepot.com\/fr\/","og_site_name":"TSPM Entrep\u00f4t","article_modified_time":"2020-04-14T18:12:43+00:00","twitter_card":"summary_large_image","twitter_misc":{"Dur\u00e9e de lecture estim\u00e9e":"1 minute"},"schema":{"@context":"https:\/\/schema.org","@graph":[{"@type":"WebPage","@id":"https:\/\/tspmentrepot.com\/fr\/","url":"https:\/\/tspmentrepot.com\/fr\/","name":"TSPM Entrep\u00f4t - 3pl et logistique commercial \u00e0 Montr\u00e9al","isPartOf":{"@id":"https:\/\/tspmentrepot.com\/en\/#website"},"datePublished":"2015-10-15T14:47:04+00:00","dateModified":"2020-04-14T18:12:43+00:00","description":"TSPM est une compagnie montr\u00e9alaise offrant des solutions d'entreposage commercial et logistiques de tierce partie (3PL) de haut niveau.","breadcrumb":{"@id":"https:\/\/tspmentrepot.com\/fr\/#breadcrumb"},"inLanguage":"fr-FR","potentialAction":[{"@type":"ReadAction","target":["https:\/\/tspmentrepot.com\/fr\/"]}]},{"@type":"BreadcrumbList","@id":"https:\/\/tspmentrepot.com\/fr\/#breadcrumb","itemListElement":[{"@type":"ListItem","position":1,"name":"Accueil","item":"https:\/\/tspmentrepot.com\/fr\/"},{"@type":"ListItem","position":2,"name":"TSPM, leader 3PL \u00e0 Montr\u00e9al"}]},{"@type":"WebSite","@id":"https:\/\/tspmentrepot.com\/en\/#website","url":"https:\/\/tspmentrepot.com\/en\/","name":"TSPM Entrep\u00f4t","description":"","potentialAction":[{"@type":"SearchAction","target":{"@type":"EntryPoint","urlTemplate":"https:\/\/tspmentrepot.com\/en\/?s={search_term_string}"},"query-input":"required name=search_term_string"}],"inLanguage":"fr-FR"}]}},"_links":{"self":[{"href":"https:\/\/tspmentrepot.com\/fr\/wp-json\/wp\/v2\/pages\/6"}],"collection":[{"href":"https:\/\/tspmentrepot.com\/fr\/wp-json\/wp\/v2\/pages"}],"about":[{"href":"https:\/\/tspmentrepot.com\/fr\/wp-json\/wp\/v2\/types\/page"}],"author":[{"embeddable":true,"href":"https:\/\/tspmentrepot.com\/fr\/wp-json\/wp\/v2\/users\/1"}],"replies":[{"embeddable":true,"href":"https:\/\/tspmentrepot.com\/fr\/wp-json\/wp\/v2\/comments?post=6"}],"version-history":[{"count":4,"href":"https:\/\/tspmentrepot.com\/fr\/wp-json\/wp\/v2\/pages\/6\/revisions"}],"predecessor-version":[{"id":5173,"href":"https:\/\/tspmentrepot.com\/fr\/wp-json\/wp\/v2\/pages\/6\/revisions\/5173"}],"wp:attachment":[{"href":"https:\/\/tspmentrepot.com\/fr\/wp-json\/wp\/v2\/media?parent=6"}],"curies":[{"name":"wp","href":"https:\/\/api.w.org\/{rel}","templated":true}]}}