{"id":5092,"date":"2020-02-27T18:07:17","date_gmt":"2020-02-27T23:07:17","guid":{"rendered":"https:\/\/tspmentrepot.com\/?page_id=5092"},"modified":"2020-03-16T15:58:43","modified_gmt":"2020-03-16T19:58:43","slug":"distribution","status":"publish","type":"page","link":"https:\/\/tspmentrepot.com\/fr\/services\/distribution\/","title":{"rendered":"<span>Services sp\u00e9cialis\u00e9s de distribution<\/span> de produits et marchandises"},"content":{"rendered":"<h2>Livraison directe au magasin et gestion du transport<\/h2>\n<p>Chez TSPM, nous savons qu&rsquo;il est crucial pour votre entreprise de faire confiance \u00e0 un r\u00e9seau de distribution efficace et constant. C&rsquo;est pourquoi notre \u00e9quipe s&rsquo;affaire jour apr\u00e8s jour \u00e0 traiter vos commandes avec le plus grand soin, afin de nous assurer que vos livraisons directes au magasin s&rsquo;effectuent aux dates convenues.<\/p>\n<div class=\"steps\">\n<div class=\"desktop\"><img decoding=\"async\" src=\"https:\/\/tspmentrepot.com\/wp-content\/uploads\/2020\/03\/block-text-FR.png\" alt=\"\u00c9tapes\"><\/div>\n<div class=\"mobile\">\n<ul>\n<li>Coordination des exp\u00e9ditions des l&rsquo;arriv\u00e9e \u00e0 notre entrep\u00f4t afin d&rsquo;assurer une gestion efficace de l&rsquo;espace disponible et du reconditionnement si n\u00e9cessaire.<\/li>\n<li>Entreposage et gestion des stocks par notre \u00e9quipe. Nous effectuons le tri et les prises de commandes consolid\u00e9es; la d\u00e9tention et lib\u00e9ration des stocks; la mise \u00e0 jour quotidienne des inventaires en temps r\u00e9el.<\/li>\n<li>Traitement des commandes quotidiennes par TSPM afin de supporter les livraisons directes aux magasins aux dates convenues.<\/li>\n<li>Coordination avec les transporteurs et les magasins afin de respecter les temps de livraison, souvent \u00e0 l&rsquo;int\u00e9rieur de d\u00e9lais tr\u00e8s serr\u00e9s.<\/li>\n<li>Livraison et planification d&rsquo;urgence&nbsp;: Nous pr\u00e9voyons et organisons la livraison de remplacement et en cas de probl\u00e8me.<\/li>\n<li>Service \u00e0 la client\u00e8le et suivi des exp\u00e9ditions.<\/li>\n<\/ul>\n<\/div>\n<\/div>\n<p>Pour une coordination sans faille de l&rsquo;exp\u00e9dition de vos produits et marchandises, fiez-vous aux experts de TSPM!<\/p>\n","protected":false},"excerpt":{"rendered":"<p>Livraison directe au magasin et gestion du transport Chez TSPM, nous savons qu&rsquo;il est crucial pour votre entreprise de faire confiance \u00e0 un r\u00e9seau de distribution efficace et constant. C&rsquo;est pourquoi notre \u00e9quipe s&rsquo;affaire jour apr\u00e8s jour \u00e0 traiter vos commandes avec le plus grand soin, afin de nous assurer que vos livraisons directes au &hellip; <a href=\"https:\/\/tspmentrepot.com\/fr\/services\/distribution\/\">Continued<\/a><\/p>\n","protected":false},"author":1,"featured_media":0,"parent":5086,"menu_order":0,"comment_status":"closed","ping_status":"closed","template":"template-services.php","meta":{"_acf_changed":false,"footnotes":""},"acf":[],"yoast_head":"<!-- This site is optimized with the Yoast SEO plugin v22.9 - https:\/\/yoast.com\/wordpress\/plugins\/seo\/ -->\n<title>Services de distribution de produits et marchandises \u00e0 Montr\u00e9al - TSPM Entrep\u00f4t<\/title>\n<meta name=\"description\" content=\"Services de distribution de produits et marchandises \u00e0 Montr\u00e9al\" \/>\n<meta name=\"robots\" content=\"index, follow, max-snippet:-1, max-image-preview:large, max-video-preview:-1\" \/>\n<meta property=\"og:locale\" content=\"fr_CA\" \/>\n<meta property=\"og:type\" content=\"article\" \/>\n<meta property=\"og:title\" content=\"Services de distribution de produits et marchandises \u00e0 Montr\u00e9al - TSPM Entrep\u00f4t\" \/>\n<meta property=\"og:description\" content=\"Services de distribution de produits et marchandises \u00e0 Montr\u00e9al\" \/>\n<meta property=\"og:url\" content=\"https:\/\/tspmentrepot.com\/fr\/services\/distribution\/\" \/>\n<meta property=\"og:site_name\" content=\"TSPM Entrep\u00f4t\" \/>\n<meta property=\"article:modified_time\" content=\"2020-03-16T19:58:43+00:00\" \/>\n<meta property=\"og:image\" content=\"https:\/\/tspmentrepot.com\/wp-content\/uploads\/2020\/03\/block-text-FR.png\" \/>\n<meta name=\"twitter:card\" content=\"summary_large_image\" \/>\n<meta name=\"twitter:label1\" content=\"Dur\u00e9e de lecture estim\u00e9e\" \/>\n\t<meta name=\"twitter:data1\" content=\"1 minute\" \/>\n<script type=\"application\/ld+json\" class=\"yoast-schema-graph\">{\"@context\":\"https:\/\/schema.org\",\"@graph\":[{\"@type\":\"WebPage\",\"@id\":\"https:\/\/tspmentrepot.com\/fr\/services\/distribution\/\",\"url\":\"https:\/\/tspmentrepot.com\/fr\/services\/distribution\/\",\"name\":\"Services de distribution de produits et marchandises \u00e0 Montr\u00e9al - TSPM Entrep\u00f4t\",\"isPartOf\":{\"@id\":\"https:\/\/tspmentrepot.com\/fr\/#website\"},\"primaryImageOfPage\":{\"@id\":\"https:\/\/tspmentrepot.com\/fr\/services\/distribution\/#primaryimage\"},\"image\":{\"@id\":\"https:\/\/tspmentrepot.com\/fr\/services\/distribution\/#primaryimage\"},\"thumbnailUrl\":\"https:\/\/tspmentrepot.com\/wp-content\/uploads\/2020\/03\/block-text-FR.png\",\"datePublished\":\"2020-02-27T23:07:17+00:00\",\"dateModified\":\"2020-03-16T19:58:43+00:00\",\"description\":\"Services de distribution de produits et marchandises \u00e0 Montr\u00e9al\",\"breadcrumb\":{\"@id\":\"https:\/\/tspmentrepot.com\/fr\/services\/distribution\/#breadcrumb\"},\"inLanguage\":\"fr-FR\",\"potentialAction\":[{\"@type\":\"ReadAction\",\"target\":[\"https:\/\/tspmentrepot.com\/fr\/services\/distribution\/\"]}]},{\"@type\":\"ImageObject\",\"inLanguage\":\"fr-FR\",\"@id\":\"https:\/\/tspmentrepot.com\/fr\/services\/distribution\/#primaryimage\",\"url\":\"https:\/\/tspmentrepot.com\/wp-content\/uploads\/2020\/03\/block-text-FR.png\",\"contentUrl\":\"https:\/\/tspmentrepot.com\/wp-content\/uploads\/2020\/03\/block-text-FR.png\"},{\"@type\":\"BreadcrumbList\",\"@id\":\"https:\/\/tspmentrepot.com\/fr\/services\/distribution\/#breadcrumb\",\"itemListElement\":[{\"@type\":\"ListItem\",\"position\":1,\"name\":\"Accueil\",\"item\":\"https:\/\/tspmentrepot.com\/fr\/\"},{\"@type\":\"ListItem\",\"position\":2,\"name\":\"Nos solutions cl\u00e9 en main d&rsquo;entreposage, logistique et distribution\",\"item\":\"https:\/\/tspmentrepot.com\/fr\/services\/\"},{\"@type\":\"ListItem\",\"position\":3,\"name\":\"Services sp\u00e9cialis\u00e9s de distribution de produits et marchandises\"}]},{\"@type\":\"WebSite\",\"@id\":\"https:\/\/tspmentrepot.com\/fr\/#website\",\"url\":\"https:\/\/tspmentrepot.com\/fr\/\",\"name\":\"TSPM Entrep\u00f4t\",\"description\":\"\",\"potentialAction\":[{\"@type\":\"SearchAction\",\"target\":{\"@type\":\"EntryPoint\",\"urlTemplate\":\"https:\/\/tspmentrepot.com\/fr\/?s={search_term_string}\"},\"query-input\":\"required name=search_term_string\"}],\"inLanguage\":\"fr-FR\"}]}<\/script>\n<!-- \/ Yoast SEO plugin. -->","yoast_head_json":{"title":"Services de distribution de produits et marchandises \u00e0 Montr\u00e9al - TSPM Entrep\u00f4t","description":"Services de distribution de produits et marchandises \u00e0 Montr\u00e9al","robots":{"index":"index","follow":"follow","max-snippet":"max-snippet:-1","max-image-preview":"max-image-preview:large","max-video-preview":"max-video-preview:-1"},"og_locale":"fr_CA","og_type":"article","og_title":"Services de distribution de produits et marchandises \u00e0 Montr\u00e9al - TSPM Entrep\u00f4t","og_description":"Services de distribution de produits et marchandises \u00e0 Montr\u00e9al","og_url":"https:\/\/tspmentrepot.com\/fr\/services\/distribution\/","og_site_name":"TSPM Entrep\u00f4t","article_modified_time":"2020-03-16T19:58:43+00:00","og_image":[{"url":"https:\/\/tspmentrepot.com\/wp-content\/uploads\/2020\/03\/block-text-FR.png"}],"twitter_card":"summary_large_image","twitter_misc":{"Dur\u00e9e de lecture estim\u00e9e":"1 minute"},"schema":{"@context":"https:\/\/schema.org","@graph":[{"@type":"WebPage","@id":"https:\/\/tspmentrepot.com\/fr\/services\/distribution\/","url":"https:\/\/tspmentrepot.com\/fr\/services\/distribution\/","name":"Services de distribution de produits et marchandises \u00e0 Montr\u00e9al - TSPM Entrep\u00f4t","isPartOf":{"@id":"https:\/\/tspmentrepot.com\/fr\/#website"},"primaryImageOfPage":{"@id":"https:\/\/tspmentrepot.com\/fr\/services\/distribution\/#primaryimage"},"image":{"@id":"https:\/\/tspmentrepot.com\/fr\/services\/distribution\/#primaryimage"},"thumbnailUrl":"https:\/\/tspmentrepot.com\/wp-content\/uploads\/2020\/03\/block-text-FR.png","datePublished":"2020-02-27T23:07:17+00:00","dateModified":"2020-03-16T19:58:43+00:00","description":"Services de distribution de produits et marchandises \u00e0 Montr\u00e9al","breadcrumb":{"@id":"https:\/\/tspmentrepot.com\/fr\/services\/distribution\/#breadcrumb"},"inLanguage":"fr-FR","potentialAction":[{"@type":"ReadAction","target":["https:\/\/tspmentrepot.com\/fr\/services\/distribution\/"]}]},{"@type":"ImageObject","inLanguage":"fr-FR","@id":"https:\/\/tspmentrepot.com\/fr\/services\/distribution\/#primaryimage","url":"https:\/\/tspmentrepot.com\/wp-content\/uploads\/2020\/03\/block-text-FR.png","contentUrl":"https:\/\/tspmentrepot.com\/wp-content\/uploads\/2020\/03\/block-text-FR.png"},{"@type":"BreadcrumbList","@id":"https:\/\/tspmentrepot.com\/fr\/services\/distribution\/#breadcrumb","itemListElement":[{"@type":"ListItem","position":1,"name":"Accueil","item":"https:\/\/tspmentrepot.com\/fr\/"},{"@type":"ListItem","position":2,"name":"Nos solutions cl\u00e9 en main d&rsquo;entreposage, logistique et distribution","item":"https:\/\/tspmentrepot.com\/fr\/services\/"},{"@type":"ListItem","position":3,"name":"Services sp\u00e9cialis\u00e9s de distribution de produits et marchandises"}]},{"@type":"WebSite","@id":"https:\/\/tspmentrepot.com\/fr\/#website","url":"https:\/\/tspmentrepot.com\/fr\/","name":"TSPM Entrep\u00f4t","description":"","potentialAction":[{"@type":"SearchAction","target":{"@type":"EntryPoint","urlTemplate":"https:\/\/tspmentrepot.com\/fr\/?s={search_term_string}"},"query-input":"required name=search_term_string"}],"inLanguage":"fr-FR"}]}},"_links":{"self":[{"href":"https:\/\/tspmentrepot.com\/fr\/wp-json\/wp\/v2\/pages\/5092"}],"collection":[{"href":"https:\/\/tspmentrepot.com\/fr\/wp-json\/wp\/v2\/pages"}],"about":[{"href":"https:\/\/tspmentrepot.com\/fr\/wp-json\/wp\/v2\/types\/page"}],"author":[{"embeddable":true,"href":"https:\/\/tspmentrepot.com\/fr\/wp-json\/wp\/v2\/users\/1"}],"replies":[{"embeddable":true,"href":"https:\/\/tspmentrepot.com\/fr\/wp-json\/wp\/v2\/comments?post=5092"}],"version-history":[{"count":4,"href":"https:\/\/tspmentrepot.com\/fr\/wp-json\/wp\/v2\/pages\/5092\/revisions"}],"predecessor-version":[{"id":5211,"href":"https:\/\/tspmentrepot.com\/fr\/wp-json\/wp\/v2\/pages\/5092\/revisions\/5211"}],"up":[{"embeddable":true,"href":"https:\/\/tspmentrepot.com\/fr\/wp-json\/wp\/v2\/pages\/5086"}],"wp:attachment":[{"href":"https:\/\/tspmentrepot.com\/fr\/wp-json\/wp\/v2\/media?parent=5092"}],"curies":[{"name":"wp","href":"https:\/\/api.w.org\/{rel}","templated":true}]}}