{"id":5088,"date":"2020-02-27T17:53:03","date_gmt":"2020-02-27T22:53:03","guid":{"rendered":"https:\/\/tspmentrepot.com\/?page_id=5088"},"modified":"2020-03-16T12:36:57","modified_gmt":"2020-03-16T16:36:57","slug":"entreposage","status":"publish","type":"page","link":"https:\/\/tspmentrepot.com\/fr\/services\/entreposage\/","title":{"rendered":"<span>Services professionnels d&rsquo;entreposage<\/span> commercial et de marchandises \u00e0 Montr\u00e9al"},"content":{"rendered":"<p>TSPM met \u00e0 votre disposition des services complets d&rsquo;entreposage de marchandises g\u00e9n\u00e9rales. En tout temps, notre \u00e9quipe professionnelle vous garantit efficacit\u00e9, rapidit\u00e9 d&rsquo;action et s\u00e9curit\u00e9, peu importe vos besoins.<\/p>\n<p><strong>Consolidation et distribution&nbsp;:<\/strong> Nous effectuons la cueillette de vos produits par le biais de nos transporteurs, ou nous les recevons directement sur nos quais, le tout \u00e0 des co\u00fbts plus que concurrentiels.<\/p>\n<p><strong>Chargement et d\u00e9chargement&nbsp;:<\/strong> Palettisation, triage reconditionnement sont des exemples des services offert par TSPM pour vos produits en transit.<\/p>\n<p><strong>Op\u00e9rations enti\u00e8rement informatis\u00e9es&nbsp;:<\/strong> Pour l&rsquo;entreposage, le contr\u00f4le et la distribution de l&rsquo;inventaire, toutes nos op\u00e9rations sont enti\u00e8rement informatis\u00e9es. Cela facilite grandement nos activit\u00e9s et nous sert \u00e9galement en vue d&rsquo;\u00e9changes \u00e9lectronique d&rsquo;information (E.D.I.)<\/p>\n","protected":false},"excerpt":{"rendered":"<p>TSPM met \u00e0 votre disposition des services complets d&rsquo;entreposage de marchandises g\u00e9n\u00e9rales. En tout temps, notre \u00e9quipe professionnelle vous garantit efficacit\u00e9, rapidit\u00e9 d&rsquo;action et s\u00e9curit\u00e9, peu importe vos besoins. Consolidation et distribution&nbsp;: Nous effectuons la cueillette de vos produits par le biais de nos transporteurs, ou nous les recevons directement sur nos quais, le tout &hellip; <a href=\"https:\/\/tspmentrepot.com\/fr\/services\/entreposage\/\">Continued<\/a><\/p>\n","protected":false},"author":1,"featured_media":0,"parent":5086,"menu_order":0,"comment_status":"closed","ping_status":"closed","template":"template-services.php","meta":{"_acf_changed":false,"footnotes":""},"acf":[],"yoast_head":"<!-- This site is optimized with the Yoast SEO plugin v22.9 - https:\/\/yoast.com\/wordpress\/plugins\/seo\/ -->\n<title>Service d&#039;entreposage pour entreprise \u00e0 Montr\u00e9al - TSPM Entrep\u00f4t<\/title>\n<meta name=\"description\" content=\"TSPM met \u00e0 votre disposition des services complets d&#039;entreposage de marchandises g\u00e9n\u00e9rales de tierce partie (3PL) de haut niveau.\" \/>\n<meta name=\"robots\" content=\"index, follow, max-snippet:-1, max-image-preview:large, max-video-preview:-1\" \/>\n<meta property=\"og:locale\" content=\"fr_CA\" \/>\n<meta property=\"og:type\" content=\"article\" \/>\n<meta property=\"og:title\" content=\"Service d&#039;entreposage pour entreprise \u00e0 Montr\u00e9al - TSPM Entrep\u00f4t\" \/>\n<meta property=\"og:description\" content=\"TSPM met \u00e0 votre disposition des services complets d&#039;entreposage de marchandises g\u00e9n\u00e9rales de tierce partie (3PL) de haut niveau.\" \/>\n<meta property=\"og:url\" content=\"https:\/\/tspmentrepot.com\/fr\/services\/entreposage\/\" \/>\n<meta property=\"og:site_name\" content=\"TSPM Entrep\u00f4t\" \/>\n<meta property=\"article:modified_time\" content=\"2020-03-16T16:36:57+00:00\" \/>\n<meta name=\"twitter:card\" content=\"summary_large_image\" \/>\n<meta name=\"twitter:label1\" content=\"Dur\u00e9e de lecture estim\u00e9e\" \/>\n\t<meta name=\"twitter:data1\" content=\"1 minute\" \/>\n<script type=\"application\/ld+json\" class=\"yoast-schema-graph\">{\"@context\":\"https:\/\/schema.org\",\"@graph\":[{\"@type\":\"WebPage\",\"@id\":\"https:\/\/tspmentrepot.com\/fr\/services\/entreposage\/\",\"url\":\"https:\/\/tspmentrepot.com\/fr\/services\/entreposage\/\",\"name\":\"Service d'entreposage pour entreprise \u00e0 Montr\u00e9al - TSPM Entrep\u00f4t\",\"isPartOf\":{\"@id\":\"https:\/\/tspmentrepot.com\/en\/#website\"},\"datePublished\":\"2020-02-27T22:53:03+00:00\",\"dateModified\":\"2020-03-16T16:36:57+00:00\",\"description\":\"TSPM met \u00e0 votre disposition des services complets d'entreposage de marchandises g\u00e9n\u00e9rales de tierce partie (3PL) de haut niveau.\",\"breadcrumb\":{\"@id\":\"https:\/\/tspmentrepot.com\/fr\/services\/entreposage\/#breadcrumb\"},\"inLanguage\":\"fr-FR\",\"potentialAction\":[{\"@type\":\"ReadAction\",\"target\":[\"https:\/\/tspmentrepot.com\/fr\/services\/entreposage\/\"]}]},{\"@type\":\"BreadcrumbList\",\"@id\":\"https:\/\/tspmentrepot.com\/fr\/services\/entreposage\/#breadcrumb\",\"itemListElement\":[{\"@type\":\"ListItem\",\"position\":1,\"name\":\"Accueil\",\"item\":\"https:\/\/tspmentrepot.com\/fr\/\"},{\"@type\":\"ListItem\",\"position\":2,\"name\":\"Nos solutions cl\u00e9 en main d&rsquo;entreposage, logistique et distribution\",\"item\":\"https:\/\/tspmentrepot.com\/fr\/services\/\"},{\"@type\":\"ListItem\",\"position\":3,\"name\":\"Services professionnels d&rsquo;entreposage commercial et de marchandises \u00e0 Montr\u00e9al\"}]},{\"@type\":\"WebSite\",\"@id\":\"https:\/\/tspmentrepot.com\/en\/#website\",\"url\":\"https:\/\/tspmentrepot.com\/en\/\",\"name\":\"TSPM Entrep\u00f4t\",\"description\":\"\",\"potentialAction\":[{\"@type\":\"SearchAction\",\"target\":{\"@type\":\"EntryPoint\",\"urlTemplate\":\"https:\/\/tspmentrepot.com\/en\/?s={search_term_string}\"},\"query-input\":\"required name=search_term_string\"}],\"inLanguage\":\"fr-FR\"}]}<\/script>\n<!-- \/ Yoast SEO plugin. -->","yoast_head_json":{"title":"Service d'entreposage pour entreprise \u00e0 Montr\u00e9al - TSPM Entrep\u00f4t","description":"TSPM met \u00e0 votre disposition des services complets d'entreposage de marchandises g\u00e9n\u00e9rales de tierce partie (3PL) de haut niveau.","robots":{"index":"index","follow":"follow","max-snippet":"max-snippet:-1","max-image-preview":"max-image-preview:large","max-video-preview":"max-video-preview:-1"},"og_locale":"fr_CA","og_type":"article","og_title":"Service d'entreposage pour entreprise \u00e0 Montr\u00e9al - TSPM Entrep\u00f4t","og_description":"TSPM met \u00e0 votre disposition des services complets d'entreposage de marchandises g\u00e9n\u00e9rales de tierce partie (3PL) de haut niveau.","og_url":"https:\/\/tspmentrepot.com\/fr\/services\/entreposage\/","og_site_name":"TSPM Entrep\u00f4t","article_modified_time":"2020-03-16T16:36:57+00:00","twitter_card":"summary_large_image","twitter_misc":{"Dur\u00e9e de lecture estim\u00e9e":"1 minute"},"schema":{"@context":"https:\/\/schema.org","@graph":[{"@type":"WebPage","@id":"https:\/\/tspmentrepot.com\/fr\/services\/entreposage\/","url":"https:\/\/tspmentrepot.com\/fr\/services\/entreposage\/","name":"Service d'entreposage pour entreprise \u00e0 Montr\u00e9al - TSPM Entrep\u00f4t","isPartOf":{"@id":"https:\/\/tspmentrepot.com\/en\/#website"},"datePublished":"2020-02-27T22:53:03+00:00","dateModified":"2020-03-16T16:36:57+00:00","description":"TSPM met \u00e0 votre disposition des services complets d'entreposage de marchandises g\u00e9n\u00e9rales de tierce partie (3PL) de haut niveau.","breadcrumb":{"@id":"https:\/\/tspmentrepot.com\/fr\/services\/entreposage\/#breadcrumb"},"inLanguage":"fr-FR","potentialAction":[{"@type":"ReadAction","target":["https:\/\/tspmentrepot.com\/fr\/services\/entreposage\/"]}]},{"@type":"BreadcrumbList","@id":"https:\/\/tspmentrepot.com\/fr\/services\/entreposage\/#breadcrumb","itemListElement":[{"@type":"ListItem","position":1,"name":"Accueil","item":"https:\/\/tspmentrepot.com\/fr\/"},{"@type":"ListItem","position":2,"name":"Nos solutions cl\u00e9 en main d&rsquo;entreposage, logistique et distribution","item":"https:\/\/tspmentrepot.com\/fr\/services\/"},{"@type":"ListItem","position":3,"name":"Services professionnels d&rsquo;entreposage commercial et de marchandises \u00e0 Montr\u00e9al"}]},{"@type":"WebSite","@id":"https:\/\/tspmentrepot.com\/en\/#website","url":"https:\/\/tspmentrepot.com\/en\/","name":"TSPM Entrep\u00f4t","description":"","potentialAction":[{"@type":"SearchAction","target":{"@type":"EntryPoint","urlTemplate":"https:\/\/tspmentrepot.com\/en\/?s={search_term_string}"},"query-input":"required name=search_term_string"}],"inLanguage":"fr-FR"}]}},"_links":{"self":[{"href":"https:\/\/tspmentrepot.com\/fr\/wp-json\/wp\/v2\/pages\/5088"}],"collection":[{"href":"https:\/\/tspmentrepot.com\/fr\/wp-json\/wp\/v2\/pages"}],"about":[{"href":"https:\/\/tspmentrepot.com\/fr\/wp-json\/wp\/v2\/types\/page"}],"author":[{"embeddable":true,"href":"https:\/\/tspmentrepot.com\/fr\/wp-json\/wp\/v2\/users\/1"}],"replies":[{"embeddable":true,"href":"https:\/\/tspmentrepot.com\/fr\/wp-json\/wp\/v2\/comments?post=5088"}],"version-history":[{"count":3,"href":"https:\/\/tspmentrepot.com\/fr\/wp-json\/wp\/v2\/pages\/5088\/revisions"}],"predecessor-version":[{"id":5188,"href":"https:\/\/tspmentrepot.com\/fr\/wp-json\/wp\/v2\/pages\/5088\/revisions\/5188"}],"up":[{"embeddable":true,"href":"https:\/\/tspmentrepot.com\/fr\/wp-json\/wp\/v2\/pages\/5086"}],"wp:attachment":[{"href":"https:\/\/tspmentrepot.com\/fr\/wp-json\/wp\/v2\/media?parent=5088"}],"curies":[{"name":"wp","href":"https:\/\/api.w.org\/{rel}","templated":true}]}}