{"id":5086,"date":"2020-02-27T17:49:43","date_gmt":"2020-02-27T22:49:43","guid":{"rendered":"https:\/\/tspmentrepot.com\/?page_id=5086"},"modified":"2020-03-16T11:10:53","modified_gmt":"2020-03-16T15:10:53","slug":"services","status":"publish","type":"page","link":"https:\/\/tspmentrepot.com\/fr\/services\/","title":{"rendered":"<span>Nos solutions cl\u00e9 en main<\/span> d&rsquo;entreposage, logistique et distribution"},"content":{"rendered":"<p>TSPM vous offre des solutions \u00ab&nbsp;cl\u00e9 en main&nbsp;\u00bb d&rsquo;<a href=\"https:\/\/tspmentrepot.com\/fr\/services\/entreposage\/\">entreposage<\/a>, de <a href=\"https:\/\/tspmentrepot.com\/fr\/services\/logistique\/\">logistique<\/a> et de <a href=\"https:\/\/tspmentrepot.com\/fr\/services\/distribution\/\">distribution<\/a> qui sauront convenir \u00e0 votre budget et vos objectifs.<\/p>\n<p>Nous sommes en mesure de satisfaire \u00e0 chacune de vos exigences en traitant vos demandes rapidement et de mani\u00e8re personnalis\u00e9e, en respectant rigoureusement vos \u00e9ch\u00e9anciers et en vous garantissant une exp\u00e9dition efficace et s\u00e9curitaire.<\/p>\n","protected":false},"excerpt":{"rendered":"<p>TSPM vous offre des solutions \u00ab&nbsp;cl\u00e9 en main&nbsp;\u00bb d&rsquo;entreposage, de logistique et de distribution qui sauront convenir \u00e0 votre budget et vos objectifs. Nous sommes en mesure de satisfaire \u00e0 chacune de vos exigences en traitant vos demandes rapidement et de mani\u00e8re personnalis\u00e9e, en respectant rigoureusement vos \u00e9ch\u00e9anciers et en vous garantissant une exp\u00e9dition efficace &hellip; <a href=\"https:\/\/tspmentrepot.com\/fr\/services\/\">Continued<\/a><\/p>\n","protected":false},"author":1,"featured_media":0,"parent":0,"menu_order":0,"comment_status":"closed","ping_status":"closed","template":"template-services.php","meta":{"_acf_changed":false,"footnotes":""},"acf":[],"yoast_head":"<!-- This site is optimized with the Yoast SEO plugin v22.9 - https:\/\/yoast.com\/wordpress\/plugins\/seo\/ -->\n<title>Nos solutions cl\u00e9 en main d&#039;entreposage, logistique et distribution - TSPM Entrep\u00f4t<\/title>\n<meta name=\"description\" content=\"TSPM vous offre des solutions \u00ab\u00a0cl\u00e9 en main\u00a0\u00bb d&#039;entreposage, de logistique et de distribution qui sauront convenir \u00e0 votre budget et vos objectifs.\" \/>\n<meta name=\"robots\" content=\"index, follow, max-snippet:-1, max-image-preview:large, max-video-preview:-1\" \/>\n<meta property=\"og:locale\" content=\"fr_CA\" \/>\n<meta property=\"og:type\" content=\"article\" \/>\n<meta property=\"og:title\" content=\"Nos solutions cl\u00e9 en main d&#039;entreposage, logistique et distribution - TSPM Entrep\u00f4t\" \/>\n<meta property=\"og:description\" content=\"TSPM vous offre des solutions \u00ab\u00a0cl\u00e9 en main\u00a0\u00bb d&#039;entreposage, de logistique et de distribution qui sauront convenir \u00e0 votre budget et vos objectifs.\" \/>\n<meta property=\"og:url\" content=\"https:\/\/tspmentrepot.com\/fr\/services\/\" \/>\n<meta property=\"og:site_name\" content=\"TSPM Entrep\u00f4t\" \/>\n<meta property=\"article:modified_time\" content=\"2020-03-16T15:10:53+00:00\" \/>\n<meta name=\"twitter:card\" content=\"summary_large_image\" \/>\n<script type=\"application\/ld+json\" class=\"yoast-schema-graph\">{\"@context\":\"https:\/\/schema.org\",\"@graph\":[{\"@type\":\"WebPage\",\"@id\":\"https:\/\/tspmentrepot.com\/fr\/services\/\",\"url\":\"https:\/\/tspmentrepot.com\/fr\/services\/\",\"name\":\"Nos solutions cl\u00e9 en main d'entreposage, logistique et distribution - TSPM Entrep\u00f4t\",\"isPartOf\":{\"@id\":\"https:\/\/tspmentrepot.com\/en\/#website\"},\"datePublished\":\"2020-02-27T22:49:43+00:00\",\"dateModified\":\"2020-03-16T15:10:53+00:00\",\"description\":\"TSPM vous offre des solutions \u00ab\u00a0cl\u00e9 en main\u00a0\u00bb d'entreposage, de logistique et de distribution qui sauront convenir \u00e0 votre budget et vos objectifs.\",\"breadcrumb\":{\"@id\":\"https:\/\/tspmentrepot.com\/fr\/services\/#breadcrumb\"},\"inLanguage\":\"fr-FR\",\"potentialAction\":[{\"@type\":\"ReadAction\",\"target\":[\"https:\/\/tspmentrepot.com\/fr\/services\/\"]}]},{\"@type\":\"BreadcrumbList\",\"@id\":\"https:\/\/tspmentrepot.com\/fr\/services\/#breadcrumb\",\"itemListElement\":[{\"@type\":\"ListItem\",\"position\":1,\"name\":\"Accueil\",\"item\":\"https:\/\/tspmentrepot.com\/fr\/\"},{\"@type\":\"ListItem\",\"position\":2,\"name\":\"Nos solutions cl\u00e9 en main d&rsquo;entreposage, logistique et distribution\"}]},{\"@type\":\"WebSite\",\"@id\":\"https:\/\/tspmentrepot.com\/en\/#website\",\"url\":\"https:\/\/tspmentrepot.com\/en\/\",\"name\":\"TSPM Entrep\u00f4t\",\"description\":\"\",\"potentialAction\":[{\"@type\":\"SearchAction\",\"target\":{\"@type\":\"EntryPoint\",\"urlTemplate\":\"https:\/\/tspmentrepot.com\/en\/?s={search_term_string}\"},\"query-input\":\"required name=search_term_string\"}],\"inLanguage\":\"fr-FR\"}]}<\/script>\n<!-- \/ Yoast SEO plugin. -->","yoast_head_json":{"title":"Nos solutions cl\u00e9 en main d'entreposage, logistique et distribution - TSPM Entrep\u00f4t","description":"TSPM vous offre des solutions \u00ab\u00a0cl\u00e9 en main\u00a0\u00bb d'entreposage, de logistique et de distribution qui sauront convenir \u00e0 votre budget et vos objectifs.","robots":{"index":"index","follow":"follow","max-snippet":"max-snippet:-1","max-image-preview":"max-image-preview:large","max-video-preview":"max-video-preview:-1"},"og_locale":"fr_CA","og_type":"article","og_title":"Nos solutions cl\u00e9 en main d'entreposage, logistique et distribution - TSPM Entrep\u00f4t","og_description":"TSPM vous offre des solutions \u00ab\u00a0cl\u00e9 en main\u00a0\u00bb d'entreposage, de logistique et de distribution qui sauront convenir \u00e0 votre budget et vos objectifs.","og_url":"https:\/\/tspmentrepot.com\/fr\/services\/","og_site_name":"TSPM Entrep\u00f4t","article_modified_time":"2020-03-16T15:10:53+00:00","twitter_card":"summary_large_image","schema":{"@context":"https:\/\/schema.org","@graph":[{"@type":"WebPage","@id":"https:\/\/tspmentrepot.com\/fr\/services\/","url":"https:\/\/tspmentrepot.com\/fr\/services\/","name":"Nos solutions cl\u00e9 en main d'entreposage, logistique et distribution - TSPM Entrep\u00f4t","isPartOf":{"@id":"https:\/\/tspmentrepot.com\/en\/#website"},"datePublished":"2020-02-27T22:49:43+00:00","dateModified":"2020-03-16T15:10:53+00:00","description":"TSPM vous offre des solutions \u00ab\u00a0cl\u00e9 en main\u00a0\u00bb d'entreposage, de logistique et de distribution qui sauront convenir \u00e0 votre budget et vos objectifs.","breadcrumb":{"@id":"https:\/\/tspmentrepot.com\/fr\/services\/#breadcrumb"},"inLanguage":"fr-FR","potentialAction":[{"@type":"ReadAction","target":["https:\/\/tspmentrepot.com\/fr\/services\/"]}]},{"@type":"BreadcrumbList","@id":"https:\/\/tspmentrepot.com\/fr\/services\/#breadcrumb","itemListElement":[{"@type":"ListItem","position":1,"name":"Accueil","item":"https:\/\/tspmentrepot.com\/fr\/"},{"@type":"ListItem","position":2,"name":"Nos solutions cl\u00e9 en main d&rsquo;entreposage, logistique et distribution"}]},{"@type":"WebSite","@id":"https:\/\/tspmentrepot.com\/en\/#website","url":"https:\/\/tspmentrepot.com\/en\/","name":"TSPM Entrep\u00f4t","description":"","potentialAction":[{"@type":"SearchAction","target":{"@type":"EntryPoint","urlTemplate":"https:\/\/tspmentrepot.com\/en\/?s={search_term_string}"},"query-input":"required name=search_term_string"}],"inLanguage":"fr-FR"}]}},"_links":{"self":[{"href":"https:\/\/tspmentrepot.com\/fr\/wp-json\/wp\/v2\/pages\/5086"}],"collection":[{"href":"https:\/\/tspmentrepot.com\/fr\/wp-json\/wp\/v2\/pages"}],"about":[{"href":"https:\/\/tspmentrepot.com\/fr\/wp-json\/wp\/v2\/types\/page"}],"author":[{"embeddable":true,"href":"https:\/\/tspmentrepot.com\/fr\/wp-json\/wp\/v2\/users\/1"}],"replies":[{"embeddable":true,"href":"https:\/\/tspmentrepot.com\/fr\/wp-json\/wp\/v2\/comments?post=5086"}],"version-history":[{"count":6,"href":"https:\/\/tspmentrepot.com\/fr\/wp-json\/wp\/v2\/pages\/5086\/revisions"}],"predecessor-version":[{"id":5175,"href":"https:\/\/tspmentrepot.com\/fr\/wp-json\/wp\/v2\/pages\/5086\/revisions\/5175"}],"wp:attachment":[{"href":"https:\/\/tspmentrepot.com\/fr\/wp-json\/wp\/v2\/media?parent=5086"}],"curies":[{"name":"wp","href":"https:\/\/api.w.org\/{rel}","templated":true}]}}