{"id":5005,"date":"2017-02-28T10:01:42","date_gmt":"2017-02-28T15:01:42","guid":{"rendered":"http:\/\/wp-master.eliappwordpress1sto.elisys-servers.ca\/fr\/?page_id=5005"},"modified":"2020-03-13T17:32:03","modified_gmt":"2020-03-13T21:32:03","slug":"carrieres","status":"publish","type":"page","link":"https:\/\/tspmentrepot.com\/fr\/carrieres\/","title":{"rendered":"Nos employ\u00e9s sont <span>au coeur de notre r\u00e9ussite<\/span>"},"content":{"rendered":"<p>Vous d\u00e9sirez faire partie d&rsquo;une \u00e9quipe gagnante, ax\u00e9e sur la mise sur pied de solutions adapt\u00e9es aux besoins de sa client\u00e8le? Vous croyez avoir ce qu&rsquo;il faut pour contribuer \u00e0 faire de TSPM une entreprise avant-gardiste, proactive et dynamique? <a href=\"#featForm\">Faites-nous parvenir votre curriculum vitae<\/a> ainsi que tout autre document pertinent, et au plaisir de vous rencontrer!<\/p>\n<p>Consultez cette page r\u00e9guli\u00e8rement pour les occasions d&#8217;emploi.<\/p>\n","protected":false},"excerpt":{"rendered":"<p>Vous d\u00e9sirez faire partie d&rsquo;une \u00e9quipe gagnante, ax\u00e9e sur la mise sur pied de solutions adapt\u00e9es aux besoins de sa client\u00e8le? Vous croyez avoir ce qu&rsquo;il faut pour contribuer \u00e0 faire de TSPM une entreprise avant-gardiste, proactive et dynamique? Faites-nous parvenir votre curriculum vitae ainsi que tout autre document pertinent, et au plaisir de vous &hellip; <a href=\"https:\/\/tspmentrepot.com\/fr\/carrieres\/\">Continued<\/a><\/p>\n","protected":false},"author":1,"featured_media":0,"parent":0,"menu_order":0,"comment_status":"closed","ping_status":"closed","template":"template-listing-careers.php","meta":{"_acf_changed":false,"footnotes":""},"acf":[],"yoast_head":"<!-- This site is optimized with the Yoast SEO plugin v22.9 - https:\/\/yoast.com\/wordpress\/plugins\/seo\/ -->\n<title>Emploi en entreposage, logisitique et distribution - TSPM Entrep\u00f4t<\/title>\n<meta name=\"description\" content=\"Vous d\u00e9sirez faire partie d&#039;une \u00e9quipe gagnante, ax\u00e9e sur la mise sur pied de solutions adapt\u00e9es aux besoins de sa client\u00e8le?\" \/>\n<meta name=\"robots\" content=\"index, follow, max-snippet:-1, max-image-preview:large, max-video-preview:-1\" \/>\n<meta property=\"og:locale\" content=\"fr_CA\" \/>\n<meta property=\"og:type\" content=\"article\" \/>\n<meta property=\"og:title\" content=\"Emploi en entreposage, logisitique et distribution - TSPM Entrep\u00f4t\" \/>\n<meta property=\"og:description\" content=\"Vous d\u00e9sirez faire partie d&#039;une \u00e9quipe gagnante, ax\u00e9e sur la mise sur pied de solutions adapt\u00e9es aux besoins de sa client\u00e8le?\" \/>\n<meta property=\"og:url\" content=\"https:\/\/tspmentrepot.com\/fr\/carrieres\/\" \/>\n<meta property=\"og:site_name\" content=\"TSPM Entrep\u00f4t\" \/>\n<meta property=\"article:modified_time\" content=\"2020-03-13T21:32:03+00:00\" \/>\n<meta name=\"twitter:card\" content=\"summary_large_image\" \/>\n<script type=\"application\/ld+json\" class=\"yoast-schema-graph\">{\"@context\":\"https:\/\/schema.org\",\"@graph\":[{\"@type\":\"WebPage\",\"@id\":\"https:\/\/tspmentrepot.com\/fr\/carrieres\/\",\"url\":\"https:\/\/tspmentrepot.com\/fr\/carrieres\/\",\"name\":\"Emploi en entreposage, logisitique et distribution - TSPM Entrep\u00f4t\",\"isPartOf\":{\"@id\":\"https:\/\/tspmwarehouse.com\/fr\/#website\"},\"datePublished\":\"2017-02-28T15:01:42+00:00\",\"dateModified\":\"2020-03-13T21:32:03+00:00\",\"description\":\"Vous d\u00e9sirez faire partie d'une \u00e9quipe gagnante, ax\u00e9e sur la mise sur pied de solutions adapt\u00e9es aux besoins de sa client\u00e8le?\",\"breadcrumb\":{\"@id\":\"https:\/\/tspmentrepot.com\/fr\/carrieres\/#breadcrumb\"},\"inLanguage\":\"fr-FR\",\"potentialAction\":[{\"@type\":\"ReadAction\",\"target\":[\"https:\/\/tspmentrepot.com\/fr\/carrieres\/\"]}]},{\"@type\":\"BreadcrumbList\",\"@id\":\"https:\/\/tspmentrepot.com\/fr\/carrieres\/#breadcrumb\",\"itemListElement\":[{\"@type\":\"ListItem\",\"position\":1,\"name\":\"Accueil\",\"item\":\"https:\/\/tspmwarehouse.com\/fr\/\"},{\"@type\":\"ListItem\",\"position\":2,\"name\":\"Nos employ\u00e9s sont au coeur de notre r\u00e9ussite\"}]},{\"@type\":\"WebSite\",\"@id\":\"https:\/\/tspmwarehouse.com\/fr\/#website\",\"url\":\"https:\/\/tspmwarehouse.com\/fr\/\",\"name\":\"TSPM Entrep\u00f4t\",\"description\":\"\",\"potentialAction\":[{\"@type\":\"SearchAction\",\"target\":{\"@type\":\"EntryPoint\",\"urlTemplate\":\"https:\/\/tspmwarehouse.com\/fr\/?s={search_term_string}\"},\"query-input\":\"required name=search_term_string\"}],\"inLanguage\":\"fr-FR\"}]}<\/script>\n<!-- \/ Yoast SEO plugin. -->","yoast_head_json":{"title":"Emploi en entreposage, logisitique et distribution - TSPM Entrep\u00f4t","description":"Vous d\u00e9sirez faire partie d'une \u00e9quipe gagnante, ax\u00e9e sur la mise sur pied de solutions adapt\u00e9es aux besoins de sa client\u00e8le?","robots":{"index":"index","follow":"follow","max-snippet":"max-snippet:-1","max-image-preview":"max-image-preview:large","max-video-preview":"max-video-preview:-1"},"og_locale":"fr_CA","og_type":"article","og_title":"Emploi en entreposage, logisitique et distribution - TSPM Entrep\u00f4t","og_description":"Vous d\u00e9sirez faire partie d'une \u00e9quipe gagnante, ax\u00e9e sur la mise sur pied de solutions adapt\u00e9es aux besoins de sa client\u00e8le?","og_url":"https:\/\/tspmentrepot.com\/fr\/carrieres\/","og_site_name":"TSPM Entrep\u00f4t","article_modified_time":"2020-03-13T21:32:03+00:00","twitter_card":"summary_large_image","schema":{"@context":"https:\/\/schema.org","@graph":[{"@type":"WebPage","@id":"https:\/\/tspmentrepot.com\/fr\/carrieres\/","url":"https:\/\/tspmentrepot.com\/fr\/carrieres\/","name":"Emploi en entreposage, logisitique et distribution - TSPM Entrep\u00f4t","isPartOf":{"@id":"https:\/\/tspmwarehouse.com\/fr\/#website"},"datePublished":"2017-02-28T15:01:42+00:00","dateModified":"2020-03-13T21:32:03+00:00","description":"Vous d\u00e9sirez faire partie d'une \u00e9quipe gagnante, ax\u00e9e sur la mise sur pied de solutions adapt\u00e9es aux besoins de sa client\u00e8le?","breadcrumb":{"@id":"https:\/\/tspmentrepot.com\/fr\/carrieres\/#breadcrumb"},"inLanguage":"fr-FR","potentialAction":[{"@type":"ReadAction","target":["https:\/\/tspmentrepot.com\/fr\/carrieres\/"]}]},{"@type":"BreadcrumbList","@id":"https:\/\/tspmentrepot.com\/fr\/carrieres\/#breadcrumb","itemListElement":[{"@type":"ListItem","position":1,"name":"Accueil","item":"https:\/\/tspmwarehouse.com\/fr\/"},{"@type":"ListItem","position":2,"name":"Nos employ\u00e9s sont au coeur de notre r\u00e9ussite"}]},{"@type":"WebSite","@id":"https:\/\/tspmwarehouse.com\/fr\/#website","url":"https:\/\/tspmwarehouse.com\/fr\/","name":"TSPM Entrep\u00f4t","description":"","potentialAction":[{"@type":"SearchAction","target":{"@type":"EntryPoint","urlTemplate":"https:\/\/tspmwarehouse.com\/fr\/?s={search_term_string}"},"query-input":"required name=search_term_string"}],"inLanguage":"fr-FR"}]}},"_links":{"self":[{"href":"https:\/\/tspmentrepot.com\/fr\/wp-json\/wp\/v2\/pages\/5005"}],"collection":[{"href":"https:\/\/tspmentrepot.com\/fr\/wp-json\/wp\/v2\/pages"}],"about":[{"href":"https:\/\/tspmentrepot.com\/fr\/wp-json\/wp\/v2\/types\/page"}],"author":[{"embeddable":true,"href":"https:\/\/tspmentrepot.com\/fr\/wp-json\/wp\/v2\/users\/1"}],"replies":[{"embeddable":true,"href":"https:\/\/tspmentrepot.com\/fr\/wp-json\/wp\/v2\/comments?post=5005"}],"version-history":[{"count":1,"href":"https:\/\/tspmentrepot.com\/fr\/wp-json\/wp\/v2\/pages\/5005\/revisions"}],"predecessor-version":[{"id":5248,"href":"https:\/\/tspmentrepot.com\/fr\/wp-json\/wp\/v2\/pages\/5005\/revisions\/5248"}],"wp:attachment":[{"href":"https:\/\/tspmentrepot.com\/fr\/wp-json\/wp\/v2\/media?parent=5005"}],"curies":[{"name":"wp","href":"https:\/\/api.w.org\/{rel}","templated":true}]}}