{"id":12,"date":"2015-10-15T15:48:33","date_gmt":"2015-10-15T19:48:33","guid":{"rendered":"http:\/\/wp-base.eliappdrupal1.elisys-servers.ca\/fr\/?page_id=12"},"modified":"2020-03-13T17:42:29","modified_gmt":"2020-03-13T21:42:29","slug":"blogue","status":"publish","type":"page","link":"https:\/\/tspmentrepot.com\/fr\/blogue\/","title":{"rendered":"<span>Restez branch\u00e9<\/span> sur les activit\u00e9s de TSPM"},"content":{"rendered":"<p>Bienvenue dans la section Nouvelles de TSPM! Vous trouverez ici toute l&rsquo;information concernant nos nouveaux services disponibles, nos nouvelles acquisitions s&rsquo;il y a lieu, les dates o\u00f9 notre entreprise est ferm\u00e9e lors de cong\u00e9s sp\u00e9ciaux, nos \u00e9v\u00e9nements \u00e0 venir, des changements \u00e0 la zone Acc\u00e8s Client, etc.<\/p>\n<p>Nous d\u00e9sirons ici vous renseigner, bien entendu, mais \u00e9galement vous donner un aper\u00e7u des activit\u00e9s de notre compagnie. Revenez faire un tour r\u00e9guli\u00e8rement afin de ne rien manquer, et au plaisir de lire vos commentaires!<\/p>\n","protected":false},"excerpt":{"rendered":"<p>Bienvenue dans la section Nouvelles de TSPM! Vous trouverez ici toute l&rsquo;information concernant nos nouveaux services disponibles, nos nouvelles acquisitions s&rsquo;il y a lieu, les dates o\u00f9 notre entreprise est ferm\u00e9e lors de cong\u00e9s sp\u00e9ciaux, nos \u00e9v\u00e9nements \u00e0 venir, des changements \u00e0 la zone Acc\u00e8s Client, etc. Nous d\u00e9sirons ici vous renseigner, bien entendu, mais &hellip; <a href=\"https:\/\/tspmentrepot.com\/fr\/blogue\/\">Continued<\/a><\/p>\n","protected":false},"author":1,"featured_media":0,"parent":0,"menu_order":0,"comment_status":"closed","ping_status":"closed","template":"template-listing-blog.php","meta":{"_acf_changed":false,"footnotes":""},"acf":[],"yoast_head":"<!-- This site is optimized with the Yoast SEO plugin v22.9 - https:\/\/yoast.com\/wordpress\/plugins\/seo\/ -->\n<title>Nouvelles - TSPM Entrep\u00f4t<\/title>\n<meta name=\"description\" content=\"TSPM vous offre des solutions cl\u00e9 en main d&#039;entreposage, de logistique et de distribution qui sauront convenir \u00e0 votre budget et vos objectifs.\" \/>\n<meta name=\"robots\" content=\"index, follow, max-snippet:-1, max-image-preview:large, max-video-preview:-1\" \/>\n<meta property=\"og:locale\" content=\"fr_CA\" \/>\n<meta property=\"og:type\" content=\"article\" \/>\n<meta property=\"og:title\" content=\"Nouvelles - TSPM Entrep\u00f4t\" \/>\n<meta property=\"og:description\" content=\"TSPM vous offre des solutions cl\u00e9 en main d&#039;entreposage, de logistique et de distribution qui sauront convenir \u00e0 votre budget et vos objectifs.\" \/>\n<meta property=\"og:url\" content=\"https:\/\/tspmentrepot.com\/fr\/blogue\/\" \/>\n<meta property=\"og:site_name\" content=\"TSPM Entrep\u00f4t\" \/>\n<meta property=\"article:modified_time\" content=\"2020-03-13T21:42:29+00:00\" \/>\n<meta name=\"twitter:card\" content=\"summary_large_image\" \/>\n<script type=\"application\/ld+json\" class=\"yoast-schema-graph\">{\"@context\":\"https:\/\/schema.org\",\"@graph\":[{\"@type\":\"WebPage\",\"@id\":\"https:\/\/tspmentrepot.com\/fr\/blogue\/\",\"url\":\"https:\/\/tspmentrepot.com\/fr\/blogue\/\",\"name\":\"Nouvelles - TSPM Entrep\u00f4t\",\"isPartOf\":{\"@id\":\"https:\/\/tspmwarehouse.com\/fr\/#website\"},\"datePublished\":\"2015-10-15T19:48:33+00:00\",\"dateModified\":\"2020-03-13T21:42:29+00:00\",\"description\":\"TSPM vous offre des solutions cl\u00e9 en main d'entreposage, de logistique et de distribution qui sauront convenir \u00e0 votre budget et vos objectifs.\",\"breadcrumb\":{\"@id\":\"https:\/\/tspmentrepot.com\/fr\/blogue\/#breadcrumb\"},\"inLanguage\":\"fr-FR\",\"potentialAction\":[{\"@type\":\"ReadAction\",\"target\":[\"https:\/\/tspmentrepot.com\/fr\/blogue\/\"]}]},{\"@type\":\"BreadcrumbList\",\"@id\":\"https:\/\/tspmentrepot.com\/fr\/blogue\/#breadcrumb\",\"itemListElement\":[{\"@type\":\"ListItem\",\"position\":1,\"name\":\"Accueil\",\"item\":\"https:\/\/tspmwarehouse.com\/fr\/\"},{\"@type\":\"ListItem\",\"position\":2,\"name\":\"Restez branch\u00e9 sur les activit\u00e9s de TSPM\"}]},{\"@type\":\"WebSite\",\"@id\":\"https:\/\/tspmwarehouse.com\/fr\/#website\",\"url\":\"https:\/\/tspmwarehouse.com\/fr\/\",\"name\":\"TSPM Entrep\u00f4t\",\"description\":\"\",\"potentialAction\":[{\"@type\":\"SearchAction\",\"target\":{\"@type\":\"EntryPoint\",\"urlTemplate\":\"https:\/\/tspmwarehouse.com\/fr\/?s={search_term_string}\"},\"query-input\":\"required name=search_term_string\"}],\"inLanguage\":\"fr-FR\"}]}<\/script>\n<!-- \/ Yoast SEO plugin. -->","yoast_head_json":{"title":"Nouvelles - TSPM Entrep\u00f4t","description":"TSPM vous offre des solutions cl\u00e9 en main d'entreposage, de logistique et de distribution qui sauront convenir \u00e0 votre budget et vos objectifs.","robots":{"index":"index","follow":"follow","max-snippet":"max-snippet:-1","max-image-preview":"max-image-preview:large","max-video-preview":"max-video-preview:-1"},"og_locale":"fr_CA","og_type":"article","og_title":"Nouvelles - TSPM Entrep\u00f4t","og_description":"TSPM vous offre des solutions cl\u00e9 en main d'entreposage, de logistique et de distribution qui sauront convenir \u00e0 votre budget et vos objectifs.","og_url":"https:\/\/tspmentrepot.com\/fr\/blogue\/","og_site_name":"TSPM Entrep\u00f4t","article_modified_time":"2020-03-13T21:42:29+00:00","twitter_card":"summary_large_image","schema":{"@context":"https:\/\/schema.org","@graph":[{"@type":"WebPage","@id":"https:\/\/tspmentrepot.com\/fr\/blogue\/","url":"https:\/\/tspmentrepot.com\/fr\/blogue\/","name":"Nouvelles - TSPM Entrep\u00f4t","isPartOf":{"@id":"https:\/\/tspmwarehouse.com\/fr\/#website"},"datePublished":"2015-10-15T19:48:33+00:00","dateModified":"2020-03-13T21:42:29+00:00","description":"TSPM vous offre des solutions cl\u00e9 en main d'entreposage, de logistique et de distribution qui sauront convenir \u00e0 votre budget et vos objectifs.","breadcrumb":{"@id":"https:\/\/tspmentrepot.com\/fr\/blogue\/#breadcrumb"},"inLanguage":"fr-FR","potentialAction":[{"@type":"ReadAction","target":["https:\/\/tspmentrepot.com\/fr\/blogue\/"]}]},{"@type":"BreadcrumbList","@id":"https:\/\/tspmentrepot.com\/fr\/blogue\/#breadcrumb","itemListElement":[{"@type":"ListItem","position":1,"name":"Accueil","item":"https:\/\/tspmwarehouse.com\/fr\/"},{"@type":"ListItem","position":2,"name":"Restez branch\u00e9 sur les activit\u00e9s de TSPM"}]},{"@type":"WebSite","@id":"https:\/\/tspmwarehouse.com\/fr\/#website","url":"https:\/\/tspmwarehouse.com\/fr\/","name":"TSPM Entrep\u00f4t","description":"","potentialAction":[{"@type":"SearchAction","target":{"@type":"EntryPoint","urlTemplate":"https:\/\/tspmwarehouse.com\/fr\/?s={search_term_string}"},"query-input":"required name=search_term_string"}],"inLanguage":"fr-FR"}]}},"_links":{"self":[{"href":"https:\/\/tspmentrepot.com\/fr\/wp-json\/wp\/v2\/pages\/12"}],"collection":[{"href":"https:\/\/tspmentrepot.com\/fr\/wp-json\/wp\/v2\/pages"}],"about":[{"href":"https:\/\/tspmentrepot.com\/fr\/wp-json\/wp\/v2\/types\/page"}],"author":[{"embeddable":true,"href":"https:\/\/tspmentrepot.com\/fr\/wp-json\/wp\/v2\/users\/1"}],"replies":[{"embeddable":true,"href":"https:\/\/tspmentrepot.com\/fr\/wp-json\/wp\/v2\/comments?post=12"}],"version-history":[{"count":2,"href":"https:\/\/tspmentrepot.com\/fr\/wp-json\/wp\/v2\/pages\/12\/revisions"}],"predecessor-version":[{"id":5251,"href":"https:\/\/tspmentrepot.com\/fr\/wp-json\/wp\/v2\/pages\/12\/revisions\/5251"}],"wp:attachment":[{"href":"https:\/\/tspmentrepot.com\/fr\/wp-json\/wp\/v2\/media?parent=12"}],"curies":[{"name":"wp","href":"https:\/\/api.w.org\/{rel}","templated":true}]}}